{"id":16205,"date":"2026-02-13T08:30:19","date_gmt":"2026-02-13T07:30:19","guid":{"rendered":"https:\/\/www.schokinag.com\/?page_id=16205"},"modified":"2026-02-13T08:32:49","modified_gmt":"2026-02-13T07:32:49","slug":"privacy-info","status":"publish","type":"page","link":"https:\/\/www.schokinag.com\/de\/privacy-info\/","title":{"rendered":"Privacy Information"},"content":{"rendered":"<div data-elementor-type=\"wp-page\" data-elementor-id=\"16205\" class=\"elementor elementor-16205\" data-elementor-post-type=\"page\">\n\t\t\t\t<div class=\"elementor-element elementor-element-43d117c thegem-e-con-layout-elementor e-flex e-con-boxed e-con e-parent\" data-id=\"43d117c\" data-element_type=\"container\" data-e-type=\"container\" data-settings=\"{&quot;background_background&quot;:&quot;classic&quot;,&quot;shape_divider_bottom&quot;:&quot;waves&quot;,&quot;thegem_container_layout&quot;:&quot;elementor&quot;}\">\r\n\t\t\t\t\t<div class=\"e-con-inner\">\r\n\t\t\t\t<div class=\"elementor-shape elementor-shape-bottom\" aria-hidden=\"true\" data-negative=\"false\">\n\t\t\t<svg xmlns=\"http:\/\/www.w3.org\/2000\/svg\" viewbox=\"0 0 1000 100\" preserveaspectratio=\"none\">\n\t<path class=\"elementor-shape-fill\" d=\"M421.9,6.5c22.6-2.5,51.5,0.4,75.5,5.3c23.6,4.9,70.9,23.5,100.5,35.7c75.8,32.2,133.7,44.5,192.6,49.7\tc23.6,2.1,48.7,3.5,103.4-2.5c54.7-6,106.2-25.6,106.2-25.6V0H0v30.3c0,0,72,32.6,158.4,30.5c39.2-0.7,92.8-6.7,134-22.4\tc21.2-8.1,52.2-18.2,79.7-24.2C399.3,7.9,411.6,7.5,421.9,6.5z\"\/>\n<\/svg>\t\t<\/div>\n\t\t\t\t<div class=\"elementor-element elementor-element-72b5a79 flex-horizontal-align-default flex-horizontal-align-tablet-default flex-horizontal-align-mobile-default flex-vertical-align-default flex-vertical-align-tablet-default flex-vertical-align-mobile-default elementor-widget elementor-widget-text-editor\" data-id=\"72b5a79\" data-element_type=\"widget\" data-e-type=\"widget\" data-widget_type=\"text-editor.default\">\n\t\t\t\t<div class=\"elementor-widget-container\">\n\t\t\t\t\t\t\t\t\t\t\t\t<div class=\"elementor-text-editor elementor-clearfix\">\r\n\t\t\t\t\t\t<p class=\"title-xlarge\"><strong style=\"color: #ffffff; font-family: 'Nunito Sans'; font-size: 30px; letter-spacing: 0.05em;\">- <\/strong><strong style=\"color: #ffffff; font-family: 'Nunito Sans'; font-size: 30px; letter-spacing: 0.05em;\">Datenverarbeitung - SCHOKINAG-Schokolade-Industrie GmbH<\/strong><\/p>\t\t\t\t\t\t\t<\/div>\r\n\t\t\t\t\t\t\t\t\t\t<\/div>\n\t\t\t\t<\/div>\n\t\t\t\t\t<\/div>\n\t\t\t\t<\/div>\n\t\t<div class=\"elementor-element elementor-element-8051c06 thegem-e-con-layout-elementor e-flex e-con-boxed e-con e-parent\" data-id=\"8051c06\" data-element_type=\"container\" data-e-type=\"container\" data-settings=\"{&quot;thegem_container_layout&quot;:&quot;elementor&quot;}\">\r\n\t\t\t\t\t<div class=\"e-con-inner\">\r\n\t\t<div class=\"elementor-element elementor-element-1f02311 thegem-e-con-layout-elementor e-flex e-con-boxed e-con e-child\" data-id=\"1f02311\" data-element_type=\"container\" data-e-type=\"container\" data-settings=\"{&quot;background_background&quot;:&quot;classic&quot;,&quot;thegem_container_layout&quot;:&quot;elementor&quot;}\">\r\n\t\t\t\t\t<div class=\"e-con-inner\">\r\n\t\t\t\t<div class=\"elementor-element elementor-element-87b0186 flex-horizontal-align-default flex-horizontal-align-tablet-default flex-horizontal-align-mobile-default flex-vertical-align-default flex-vertical-align-tablet-default flex-vertical-align-mobile-default elementor-widget elementor-widget-text-editor\" data-id=\"87b0186\" data-element_type=\"widget\" data-e-type=\"widget\" data-widget_type=\"text-editor.default\">\n\t\t\t\t<div class=\"elementor-widget-container\">\n\t\t\t\t\t\t\t\t\t\t\t\t<div class=\"elementor-text-editor elementor-clearfix\">\r\n\t\t\t\t\t\t<h2><strong>- <\/strong><strong>Datenverarbeitung - SCHOKINAG-Schokolade-Industrie GmbH<\/strong><\/h2><p>Sie sind \u00fcber einen Link auf diese Seite gekommen, weil Sie sich \u00fcber unseren Umgang mit (Ihren) personenbezogenen Daten informieren wollen. Um unsere Informationspflichten nach den Art. 12 ff. der Datenschutz-Grundverordnung (DSGVO) zu erf\u00fcllen, stellen wir Ihnen nachfolgend gerne unsere Informationen zum Datenschutz dar:<\/p><p><strong>Welche Daten von Ihnen werden von uns verarbeitet? Und zu welchen Zwecken?<\/strong><\/p><p>Wenn wir Daten von Ihnen erhalten haben, dann werden wir diese grunds\u00e4tzlich nur f\u00fcr die Zwecke verarbeiten, f\u00fcr die wir sie erhalten oder erhoben haben. Sie bzw. wir haben uns\/Ihnen eine E-Mail geschickt, und wir verarbeiten die darin enthaltenen Daten (Namen, E-Mail-Adresse, Inhalt) zum Zwecke der Beantwortung Ihrer Anfrage bzw. zur Kontaktaufnahme mit Ihnen. Die Verarbeitung Ihrer Daten kann somit aufgrund nachfolgender Rechtsgrundlagen vorliegen:<\/p><ul><li>Art. 6 Abs .1 lit. a DSGVO (Einwilligung)<\/li><li>Art. 6 Abs. 1 lit. b DSGVO (Vertragserf\u00fcllung\/Vertragsanbahnung)<\/li><li>Art. 6 Abs. 1 lit. c DSGVO (gesetzliche Pflichten)<\/li><li>Art. 6 Abs. 1 lit. f DSGVO (berechtigtes Interesse)<\/li><\/ul><p>In Fall eines Widerrufs Ihrer Einwilligung werden Ihre Daten gel\u00f6scht insofern wir nicht gesetzlich zur weiteren Aufbewahrung verpflichtet sind. Diese Verpflichtungen k\u00f6nnen Sie f\u00fcr Ihrem individuellen Fall jederzeit bei uns erfragen. Ansonsten werden Ihre Daten erst nach dem Ablauf der gesetzlichen Aufbewahrungsfristen gel\u00f6scht.<\/p><p>Eine Datenverarbeitung zu anderen Zwecken kommt nur dann in Betracht, wenn die insoweit erforderlichen rechtlichen Vorgaben gem\u00e4\u00df Art. 6 Abs. 4 DSGVO vorliegen. Etwaige Informationspflichten nach Art. 13 Abs. 3 DSGVO und Art. 14 Abs. 4 DSGVO werden wir in dem Fall selbstverst\u00e4ndlich beachten.<\/p><p><strong>An welche Empf\u00e4nger werden die Daten weitergegeben?<\/strong><\/p><p>Eine Weitergabe Ihrer personenbezogenen Daten an Dritte findet grunds\u00e4tzlich nur statt, wenn dies f\u00fcr die Durchf\u00fchrung des Vertrages mit Ihnen erforderlich ist. Dies bezieht sich auf Unternehmen, die f\u00fcr uns Dienstleistungen erbringen, z.B. unseren Steuerberater oder Rechtsanwalt. Diese Dienstleister werden Ihre Daten nur in unserem Auftrag und nie zu eigenen Zwecken verwenden.<\/p><p><strong>Wo werden die Daten verarbeitet?<\/strong><\/p><p>Ihre personenbezogenen Daten werden von uns ausschlie\u00dflich in Rechenzentren der Bundesrepublik Deutschland und der Europ\u00e4ischen Union verarbeitet.<\/p><p><strong>Audio- und Videokonferenzen<\/strong> <strong>(Conference tools)<\/strong><\/p><p><strong>Auftragsverarbeitung<\/strong><\/p><p>F\u00fcr die Kommunikation mit unseren Kunden setzen wir unter anderen Online-Konferenz-Tools ein. Die im Einzelnen von uns genutzten Tools sind unten aufgelistet. Wenn Sie mit uns per Video- oder Audiokonferenz via Internet kommunizieren, werden Ihre personenbezogenen Daten von uns und dem Anbieter des jeweiligen Konferenz-Tools erfasst und verarbeitet.<\/p><p>Die Konferenz-Tools erfassen dabei alle Daten, die Sie zur Nutzung der Tools bereitstellen\/einsetzen (E-Mail-Adresse und\/oder Ihre Telefonnummer). Ferner verarbeiten die Konferenz-Tools die Dauer der Konferenz, Beginn und Ende (Zeit) der Teilnahme an der Konferenz, Anzahl der Teilnehmer und sonstige \u201eKontextinformationen\u201c im Zusammenhang mit dem Kommunikationsvorgang (Metadaten).<\/p><p>Des Weiteren verarbeitet der Anbieter des Tools alle technischen Daten, die zur Abwicklung der Online-Kommunikation erforderlich sind. Dies umfasst insbesondere IP-Adressen, MAC-Adressen, Ger\u00e4te-IDs, Ger\u00e4tetyp, Betriebssystemtyp und -version, Client-Version, Kameratyp, Mikrofon oder Lautsprecher sowie die Art der Verbindung.<\/p><p>Sofern innerhalb des Tools Inhalte ausgetauscht, hochgeladen oder in sonstiger Weise bereitgestellt werden, werden diese ebenfalls auf den Servern der Tool-Anbieter gespeichert. Zu solchen Inhalten z\u00e4hlen insbesondere Cloud-Aufzeichnungen, Chat-\/ Sofortnachrichten, Voicemails hochgeladene Fotos und Videos, Dateien, Whiteboards und andere Informationen, die w\u00e4hrend der Nutzung des Dienstes geteilt werden.\nBitte beachten Sie, dass wir nicht vollumf\u00e4nglich Einfluss auf die Datenverarbeitungsvorg\u00e4nge der verwendeten Tools haben. Unsere M\u00f6glichkeiten richten sich ma\u00dfgeblich nach der Unternehmenspolitik des jeweiligen Anbieters. Weitere Hinweise zur Datenverarbeitung durch die Konferenztools entnehmen Sie den Datenschutzerkl\u00e4rungen der jeweils eingesetzten Tools, die wir unter diesem Text aufgef\u00fchrt haben.<\/p><p><strong>Zweck und Rechtsgrundlagen<\/strong><\/p><p>Die Konferenz-Tools werden genutzt, um mit angehenden oder bestehenden Vertragspartnern zu kommunizieren oder bestimmte Leistungen gegen\u00fcber unseren Kunden anzubieten (Art. 6 Abs. 1 lit. b DSGVO). Des Weiteren dient der Einsatz der Tools der allgemeinen Vereinfachung und Beschleunigung der Kommunikation mit uns bzw. unserem Unternehmen (berechtigtes Interesse im Sinne von Art. 6 Abs. 1 lit. f DSGVO). Soweit eine Einwilligung abgefragt wurde, erfolgt der Einsatz der betreffenden Tools auf Grundlage dieser Einwilligung; die Einwilligung ist jederzeit mit Wirkung f\u00fcr die Zukunft widerrufbar.<\/p><p><strong>Speicherdauer<\/strong><\/p><p>Die unmittelbar von uns \u00fcber die Video- und Konferenz-Tools erfassten Daten werden von unseren Systemen gel\u00f6scht, sobald Sie uns zur L\u00f6schung auffordern, Ihre Einwilligung zur Speicherung widerrufen oder der Zweck f\u00fcr die Datenspeicherung entf\u00e4llt. Gespeicherte Cookies verbleiben auf Ihrem Endger\u00e4t, bis Sie sie l\u00f6schen. Zwingende gesetzliche Aufbewahrungsfristen bleiben unber\u00fchrt.<\/p><p>Auf die Speicherdauer Ihrer Daten, die von den Betreibern der Konferenz-Tools zu eigenen Zwecken gespeichert werden, haben wir keinen Einfluss. F\u00fcr Einzelheiten dazu informieren Sie sich bitte direkt bei den Betreibern der Konferenz-Tools.<\/p><p><strong>Eingesetzte Konferenz-Tools<\/strong><\/p><p>Wir setzen folgende Konferenz-Tools ein:<\/p><p><strong>Microsoft Teams<\/strong><\/p><p>Wir nutzen Microsoft Teams. Anbieter ist die Microsoft Ireland Operations Limited, One Microsoft Place, South County Business Park, Leopardstown, Dublin 18, Irland. Details zur Datenverarbeitung entnehmen Sie der Datenschutzerkl\u00e4rung von Microsoft Teams: https:\/\/privacy.microsoft.com\/de-de\/privacystatement. <a href=\"https:\/\/privacy.microsoft.com\/en-us\/privacystatement\">https:\/\/privacy.microsoft.com\/en-us\/privacystatement<\/a>.<\/p><p>Das Unternehmen verf\u00fcgt \u00fcber eine Zertifizierung nach dem \u201eEU-US Data Privacy Framework\u201c (DPF). Der DPF ist ein \u00dcbereinkommen zwischen der Europ\u00e4ischen Union und den USA, der die Einhaltung europ\u00e4ischer Datenschutzstandards bei Datenverarbeitungen in den USA gew\u00e4hrleisten soll. Jedes nach dem DPF zertifizierte Unternehmen verpflichtet sich, diese Datenschutzstandards einzuhalten. Weitere Informationen hierzu erhalten Sie vom Anbieter unter folgendem Link: https:\/\/www.dataprivacyframework.gov\/s\/participant-search\/participant-detail?contact=true&amp;id=a2zt0000000KzNaAAK&amp;status=Active <a href=\"https:\/\/www.dataprivacyframework.gov\/s\/participant-search\/participant-detail?contact=true&amp;id=a2zt0000000KzNaAAK&amp;status=Active\">https:\/\/www.dataprivacyframework.gov\/s\/participant-search\/participant-detail?contact=true&amp;id=a2zt0000000KzNaAAK&amp;status=Active<\/a><\/p><h4>Auftragsverarbeitung<\/h4><p>Wir haben einen Vertrag \u00fcber Auftragsverarbeitung (AVV) zur Nutzung des oben genannten Dienstes geschlossen. Hierbei handelt es sich um einen datenschutzrechtlich vorgeschriebenen Vertrag, der gew\u00e4hrleistet, dass dieser die personenbezogenen Daten unserer Websitebesucher nur nach unseren Weisungen und unter Einhaltung der DSGVO verarbeitet.<\/p><p><strong>Ihre Rechte als \u201eBetroffene\u201c<\/strong><\/p><p>Sie haben das Recht auf Auskunft \u00fcber die von uns zu Ihrer Person verarbeiteten personenbezogenen Daten.<\/p><p>Bei einer Auskunftsanfrage, die nicht schriftlich erfolgt, bitten wir um Verst\u00e4ndnis daf\u00fcr, dass wir dann ggf. Nachweise von Ihnen verlangen, die belegen, dass Sie die Person sind, f\u00fcr die Sie sich ausgeben.<\/p><p>Ferner haben Sie ein Recht auf Berichtigung oder L\u00f6schung oder auf Einschr\u00e4nkung der Verarbeitung, soweit Ihnen dies gesetzlich zusteht. Ferner haben Sie ein Widerspruchsrecht gegen die Verarbeitung im Rahmen der gesetzlichen Vorgaben. Gleiches gilt f\u00fcr ein Recht auf Daten\u00fcbertragbarkeit.\u00a0<\/p><p><strong>Insbesondere haben Sie ein Widerspruchsrecht nach Art. 21 Abs. 1 und 2 DSGVO gegen die Verarbeitung Ihrer Daten im Zusammenhang mit einer Direktwerbung, wenn diese auf Basis einer Interessenabw\u00e4gung erfolgt. <\/strong><\/p><p>.<\/p><p><strong>Wer ist f\u00fcr Datenverarbeitung verantwortlich?<\/strong><\/p><p>Verantwortlicher im Sinne des Datenschutzrecht ist die<\/p><p>Datenverarbeitung - SCHOKINAG-Schokolade-Industrie GmbH<br \/>Neckarvorlandstra\u00dfe 21-25<br \/>68159 Mannheim<br \/>Deutschland<\/p><p>E-Mail: <a href=\"mailto:info@schokinag.com\">info@schokinag.com<\/a><br \/>Telefon: +49 (0) 621 10782-0<\/p><p>Sie finden weitere Informationen zu unserem Unternehmen, Angaben zu den vertretungsberechtigten Personen und auch weitere Kontaktm\u00f6glichkeiten im Impressum unserer Internetseite: https:\/\/www.schokinag.com\/de\/site-notice\/ <a href=\"https:\/\/www.schokinag.com\/de\/site-notice\/\">https:\/\/www.schokinag.com\/en\/site-notice\/<\/a><\/p><p><strong>Unser Datenschutzbeauftragter<\/strong><\/p><p>Wir haben einen Datenschutzbeauftragten benannt. Sie erreichen diesen unter folgenden Kontaktm\u00f6glichkeiten:<\/p><p>dacuro GmbH<br \/>Heinrich-Hertz-Stra\u00dfe 11<br \/>69190 Walldorf<\/p><p>E-Mail: <a href=\"mailto:datenschutz@schokinag.com\">datenschutz@schokinag.com<\/a><\/p><p><strong>Beschwerderecht<\/strong><\/p><p>Sie haben das Recht, sich \u00fcber die Verarbeitung personenbezogenen Daten durch uns bei einer Aufsichtsbeh\u00f6rde f\u00fcr den Datenschutz zu beschweren.<\/p><p>. <a href=\"https:\/\/www.schokinag.com\/de\/privacy\/\">.<\/a><\/p><p>Stand: Mai 2025<\/p>\t\t\t\t\t\t\t<\/div>\r\n\t\t\t\t\t\t\t\t\t\t<\/div>\n\t\t\t\t<\/div>\n\t\t\t\t\t<\/div>\n\t\t\t\t<\/div>\n\t\t\t\t\t<\/div>\n\t\t\t\t<\/div>\n\t\t\t\t<\/div>","protected":false},"excerpt":{"rendered":"<p>Data Processing at SCHOKINAG-Schokolade-Industrie GmbH Data Processing at SCHOKINAG-Schokolade-Industrie GmbH You have accessed this page because you would like to&#8230;<\/p>","protected":false},"author":4,"featured_media":0,"parent":0,"menu_order":0,"comment_status":"closed","ping_status":"closed","template":"page-fullwidth.php","meta":{"footnotes":"","_links_to":"","_links_to_target":""},"class_list":["post-16205","page","type-page","status-publish"],"yoast_head":"<!-- This site is optimized with the Yoast SEO plugin v27.4 - https:\/\/yoast.com\/product\/yoast-seo-wordpress\/ -->\n<title>Privacy Information - Schokinag<\/title>\n<meta name=\"description\" content=\"Privacy Information - GCB Cocoa UK, a leading British chocolate factory with decades of experience, offering quality, products &amp; cocoa solutions.\" \/>\n<meta name=\"robots\" content=\"index, follow, max-snippet:-1, max-image-preview:large, max-video-preview:-1\" \/>\n<link rel=\"canonical\" href=\"https:\/\/www.schokinag.com\/de\/privacy-info\/\" \/>\n<meta property=\"og:locale\" content=\"de_DE\" \/>\n<meta property=\"og:type\" content=\"article\" \/>\n<meta property=\"og:title\" content=\"Privacy Information - Schokinag\" \/>\n<meta property=\"og:description\" content=\"Privacy Information - GCB Cocoa UK, a leading British chocolate factory with decades of experience, offering quality, products &amp; cocoa solutions.\" \/>\n<meta property=\"og:url\" content=\"https:\/\/www.schokinag.com\/de\/privacy-info\/\" \/>\n<meta property=\"og:site_name\" content=\"Schokinag\" \/>\n<meta property=\"article:modified_time\" content=\"2026-02-13T07:32:49+00:00\" \/>\n<meta name=\"twitter:card\" content=\"summary_large_image\" \/>\n<meta name=\"twitter:label1\" content=\"Gesch\u00e4tzte Lesezeit\" \/>\n\t<meta name=\"twitter:data1\" content=\"6\u00a0Minuten\" \/>\n<script type=\"application\/ld+json\" class=\"yoast-schema-graph\">{\"@context\":\"https:\\\/\\\/schema.org\",\"@graph\":[{\"@type\":\"WebPage\",\"@id\":\"https:\\\/\\\/www.schokinag.com\\\/privacy-info\\\/\",\"url\":\"https:\\\/\\\/www.schokinag.com\\\/privacy-info\\\/\",\"name\":\"Privacy Information - Schokinag\",\"isPartOf\":{\"@id\":\"https:\\\/\\\/www.schokinag.com\\\/de\\\/#website\"},\"datePublished\":\"2026-02-13T07:30:19+00:00\",\"dateModified\":\"2026-02-13T07:32:49+00:00\",\"description\":\"Privacy Information - GCB Cocoa UK, a leading British chocolate factory with decades of experience, offering quality, products & cocoa solutions.\",\"breadcrumb\":{\"@id\":\"https:\\\/\\\/www.schokinag.com\\\/privacy-info\\\/#breadcrumb\"},\"inLanguage\":\"de\",\"potentialAction\":[{\"@type\":\"ReadAction\",\"target\":[\"https:\\\/\\\/www.schokinag.com\\\/privacy-info\\\/\"]}]},{\"@type\":\"BreadcrumbList\",\"@id\":\"https:\\\/\\\/www.schokinag.com\\\/privacy-info\\\/#breadcrumb\",\"itemListElement\":[{\"@type\":\"ListItem\",\"position\":1,\"name\":\"Home\",\"item\":\"https:\\\/\\\/www.schokinag.com\\\/de\\\/\"},{\"@type\":\"ListItem\",\"position\":2,\"name\":\"Privacy Information\"}]},{\"@type\":\"WebSite\",\"@id\":\"https:\\\/\\\/www.schokinag.com\\\/de\\\/#website\",\"url\":\"https:\\\/\\\/www.schokinag.com\\\/de\\\/\",\"name\":\"GCB Cocoa\",\"description\":\"A World of Chocolate\",\"publisher\":{\"@id\":\"https:\\\/\\\/www.schokinag.com\\\/de\\\/#organization\"},\"potentialAction\":[{\"@type\":\"SearchAction\",\"target\":{\"@type\":\"EntryPoint\",\"urlTemplate\":\"https:\\\/\\\/www.schokinag.com\\\/de\\\/?s={search_term_string}\"},\"query-input\":{\"@type\":\"PropertyValueSpecification\",\"valueRequired\":true,\"valueName\":\"search_term_string\"}}],\"inLanguage\":\"de\"},{\"@type\":\"Organization\",\"@id\":\"https:\\\/\\\/www.schokinag.com\\\/de\\\/#organization\",\"name\":\"GCB Cocoa\",\"url\":\"https:\\\/\\\/www.schokinag.com\\\/de\\\/\",\"logo\":{\"@type\":\"ImageObject\",\"inLanguage\":\"de\",\"@id\":\"https:\\\/\\\/www.schokinag.com\\\/de\\\/#\\\/schema\\\/logo\\\/image\\\/\",\"url\":\"https:\\\/\\\/www.schokinag.com\\\/wp-content\\\/uploads\\\/2024\\\/02\\\/gcb_cocoa.png\",\"contentUrl\":\"https:\\\/\\\/www.schokinag.com\\\/wp-content\\\/uploads\\\/2024\\\/02\\\/gcb_cocoa.png\",\"width\":542,\"height\":200,\"caption\":\"GCB Cocoa\"},\"image\":{\"@id\":\"https:\\\/\\\/www.schokinag.com\\\/de\\\/#\\\/schema\\\/logo\\\/image\\\/\"},\"sameAs\":[\"https:\\\/\\\/www.linkedin.com\\\/showcase\\\/gcb-cocoa-uk\\\/\"]}]}<\/script>\n<!-- \/ Yoast SEO plugin. -->","yoast_head_json":{"title":"Privacy Information - Schokinag","description":"Privacy Information - GCB Cocoa UK, a leading British chocolate factory with decades of experience, offering quality, products & cocoa solutions.","robots":{"index":"index","follow":"follow","max-snippet":"max-snippet:-1","max-image-preview":"max-image-preview:large","max-video-preview":"max-video-preview:-1"},"canonical":"https:\/\/www.schokinag.com\/de\/privacy-info\/","og_locale":"de_DE","og_type":"article","og_title":"Privacy Information - Schokinag","og_description":"Privacy Information - GCB Cocoa UK, a leading British chocolate factory with decades of experience, offering quality, products & cocoa solutions.","og_url":"https:\/\/www.schokinag.com\/de\/privacy-info\/","og_site_name":"Schokinag","article_modified_time":"2026-02-13T07:32:49+00:00","twitter_card":"summary_large_image","twitter_misc":{"Gesch\u00e4tzte Lesezeit":"6\u00a0Minuten"},"schema":{"@context":"https:\/\/schema.org","@graph":[{"@type":"WebPage","@id":"https:\/\/www.schokinag.com\/privacy-info\/","url":"https:\/\/www.schokinag.com\/privacy-info\/","name":"Privacy Information - Schokinag","isPartOf":{"@id":"https:\/\/www.schokinag.com\/de\/#website"},"datePublished":"2026-02-13T07:30:19+00:00","dateModified":"2026-02-13T07:32:49+00:00","description":"Privacy Information - GCB Cocoa UK, a leading British chocolate factory with decades of experience, offering quality, products & cocoa solutions.","breadcrumb":{"@id":"https:\/\/www.schokinag.com\/privacy-info\/#breadcrumb"},"inLanguage":"de","potentialAction":[{"@type":"ReadAction","target":["https:\/\/www.schokinag.com\/privacy-info\/"]}]},{"@type":"BreadcrumbList","@id":"https:\/\/www.schokinag.com\/privacy-info\/#breadcrumb","itemListElement":[{"@type":"ListItem","position":1,"name":"Home","item":"https:\/\/www.schokinag.com\/de\/"},{"@type":"ListItem","position":2,"name":"Privacy Information"}]},{"@type":"WebSite","@id":"https:\/\/www.schokinag.com\/de\/#website","url":"https:\/\/www.schokinag.com\/de\/","name":"GCB Cocoa","description":"A World of Chocolate","publisher":{"@id":"https:\/\/www.schokinag.com\/de\/#organization"},"potentialAction":[{"@type":"SearchAction","target":{"@type":"EntryPoint","urlTemplate":"https:\/\/www.schokinag.com\/de\/?s={search_term_string}"},"query-input":{"@type":"PropertyValueSpecification","valueRequired":true,"valueName":"search_term_string"}}],"inLanguage":"de"},{"@type":"Organization","@id":"https:\/\/www.schokinag.com\/de\/#organization","name":"GCB Cocoa","url":"https:\/\/www.schokinag.com\/de\/","logo":{"@type":"ImageObject","inLanguage":"de","@id":"https:\/\/www.schokinag.com\/de\/#\/schema\/logo\/image\/","url":"https:\/\/www.schokinag.com\/wp-content\/uploads\/2024\/02\/gcb_cocoa.png","contentUrl":"https:\/\/www.schokinag.com\/wp-content\/uploads\/2024\/02\/gcb_cocoa.png","width":542,"height":200,"caption":"GCB Cocoa"},"image":{"@id":"https:\/\/www.schokinag.com\/de\/#\/schema\/logo\/image\/"},"sameAs":["https:\/\/www.linkedin.com\/showcase\/gcb-cocoa-uk\/"]}]}},"_links":{"self":[{"href":"https:\/\/www.schokinag.com\/de\/wp-json\/wp\/v2\/pages\/16205","targetHints":{"allow":["GET"]}}],"collection":[{"href":"https:\/\/www.schokinag.com\/de\/wp-json\/wp\/v2\/pages"}],"about":[{"href":"https:\/\/www.schokinag.com\/de\/wp-json\/wp\/v2\/types\/page"}],"author":[{"embeddable":true,"href":"https:\/\/www.schokinag.com\/de\/wp-json\/wp\/v2\/users\/4"}],"replies":[{"embeddable":true,"href":"https:\/\/www.schokinag.com\/de\/wp-json\/wp\/v2\/comments?post=16205"}],"version-history":[{"count":5,"href":"https:\/\/www.schokinag.com\/de\/wp-json\/wp\/v2\/pages\/16205\/revisions"}],"predecessor-version":[{"id":16210,"href":"https:\/\/www.schokinag.com\/de\/wp-json\/wp\/v2\/pages\/16205\/revisions\/16210"}],"wp:attachment":[{"href":"https:\/\/www.schokinag.com\/de\/wp-json\/wp\/v2\/media?parent=16205"}],"curies":[{"name":"wp","href":"https:\/\/api.w.org\/{rel}","templated":true}]}}