{"id":11799,"date":"2024-03-06T08:36:51","date_gmt":"2024-03-06T08:36:51","guid":{"rendered":"https:\/\/www.schokinag.com\/?page_id=11799"},"modified":"2025-04-29T11:17:58","modified_gmt":"2025-04-29T10:17:58","slug":"privacy","status":"publish","type":"page","link":"https:\/\/www.schokinag.com\/de\/privacy\/","title":{"rendered":"Datenschutz"},"content":{"rendered":"<div data-elementor-type=\"wp-page\" data-elementor-id=\"11799\" class=\"elementor elementor-11799\" data-elementor-post-type=\"page\">\n\t\t\t\t<div class=\"elementor-element elementor-element-43d117c thegem-e-con-layout-elementor e-flex e-con-boxed e-con e-parent\" data-id=\"43d117c\" data-element_type=\"container\" data-e-type=\"container\" data-settings=\"{&quot;background_background&quot;:&quot;classic&quot;,&quot;shape_divider_bottom&quot;:&quot;waves&quot;,&quot;thegem_container_layout&quot;:&quot;elementor&quot;}\">\r\n\t\t\t\t\t<div class=\"e-con-inner\">\r\n\t\t\t\t<div class=\"elementor-shape elementor-shape-bottom\" aria-hidden=\"true\" data-negative=\"false\">\n\t\t\t<svg xmlns=\"http:\/\/www.w3.org\/2000\/svg\" viewbox=\"0 0 1000 100\" preserveaspectratio=\"none\">\n\t<path class=\"elementor-shape-fill\" d=\"M421.9,6.5c22.6-2.5,51.5,0.4,75.5,5.3c23.6,4.9,70.9,23.5,100.5,35.7c75.8,32.2,133.7,44.5,192.6,49.7\tc23.6,2.1,48.7,3.5,103.4-2.5c54.7-6,106.2-25.6,106.2-25.6V0H0v30.3c0,0,72,32.6,158.4,30.5c39.2-0.7,92.8-6.7,134-22.4\tc21.2-8.1,52.2-18.2,79.7-24.2C399.3,7.9,411.6,7.5,421.9,6.5z\"\/>\n<\/svg>\t\t<\/div>\n\t\t\t\t<div class=\"elementor-element elementor-element-72b5a79 flex-horizontal-align-default flex-horizontal-align-tablet-default flex-horizontal-align-mobile-default flex-vertical-align-default flex-vertical-align-tablet-default flex-vertical-align-mobile-default elementor-widget elementor-widget-text-editor\" data-id=\"72b5a79\" data-element_type=\"widget\" data-e-type=\"widget\" data-widget_type=\"text-editor.default\">\n\t\t\t\t<div class=\"elementor-widget-container\">\n\t\t\t\t\t\t\t\t\t\t\t\t<div class=\"elementor-text-editor elementor-clearfix\">\r\n\t\t\t\t\t\t<div class=\"title-xlarge\">Datenschutz<\/div>\t\t\t\t\t\t\t<\/div>\r\n\t\t\t\t\t\t\t\t\t\t<\/div>\n\t\t\t\t<\/div>\n\t\t\t\t\t<\/div>\n\t\t\t\t<\/div>\n\t\t<div class=\"elementor-element elementor-element-8051c06 thegem-e-con-layout-elementor e-flex e-con-boxed e-con e-parent\" data-id=\"8051c06\" data-element_type=\"container\" data-e-type=\"container\" data-settings=\"{&quot;thegem_container_layout&quot;:&quot;elementor&quot;}\">\r\n\t\t\t\t\t<div class=\"e-con-inner\">\r\n\t\t<div class=\"elementor-element elementor-element-1f02311 thegem-e-con-layout-elementor e-flex e-con-boxed e-con e-child\" data-id=\"1f02311\" data-element_type=\"container\" data-e-type=\"container\" data-settings=\"{&quot;background_background&quot;:&quot;classic&quot;,&quot;thegem_container_layout&quot;:&quot;elementor&quot;}\">\r\n\t\t\t\t\t<div class=\"e-con-inner\">\r\n\t\t\t\t<div class=\"elementor-element elementor-element-87b0186 flex-horizontal-align-default flex-horizontal-align-tablet-default flex-horizontal-align-mobile-default flex-vertical-align-default flex-vertical-align-tablet-default flex-vertical-align-mobile-default elementor-widget elementor-widget-text-editor\" data-id=\"87b0186\" data-element_type=\"widget\" data-e-type=\"widget\" data-widget_type=\"text-editor.default\">\n\t\t\t\t<div class=\"elementor-widget-container\">\n\t\t\t\t\t\t\t\t\t\t\t\t<div class=\"elementor-text-editor elementor-clearfix\">\r\n\t\t\t\t\t\t<h3>1. Datenschutz auf einen Blick<\/h3>\n<p><strong>Allgemeine Hinweise<\/strong><br>Die folgenden Hinweise geben einen einfachen \u00dcberblick dar\u00fcber, was mit Ihren personenbezogenen Daten passiert, wenn Sie unsere Website besuchen. Personenbezogene Daten sind alle Daten, mit denen Sie pers\u00f6nlich identifiziert werden k\u00f6nnen. Ausf\u00fchrliche Informationen zum Thema Datenschutz entnehmen Sie unserer unter diesem Text aufgef\u00fchrten Datenschutzerkl\u00e4rung.\n\nDatenerfassung auf unserer Website<\/p>\n<p><strong>Wer ist verantwortlich f\u00fcr die Datenerfassung auf dieser Website?<\/strong><br>Die Datenverarbeitung auf dieser Website erfolgt durch den Websitebetreiber. Dessen Kontaktdaten k\u00f6nnen Sie dem Impressum dieser Website entnehmen.<\/p>\n<p><strong>Wie erfassen wir Ihre Daten?<\/strong><br>Ihre Daten werden zum einen dadurch erhoben, dass Sie uns diese mitteilen. Hierbei kann es sich z.B. um Daten handeln, die Sie in ein Kontaktformular eingeben.\nAndere Daten werden automatisch beim Besuch der Website durch unsere IT-Systeme erfasst. Das sind vor allem technische Daten (z.B. Internetbrowser, Betriebssystem oder Uhrzeit des Seitenaufrufs). Die Erfassung dieser Daten erfolgt automatisch, sobald Sie unsere Website betreten.<\/p>\n<p><strong>Wof\u00fcr nutzen wir Ihre Daten?<\/strong><br>Ein Teil der Daten wird erhoben, um eine fehlerfreie Bereitstellung der Website zu gew\u00e4hrleisten. Andere Daten k\u00f6nnen zur Analyse Ihres Nutzerverhaltens verwendet werden.<\/p>\n<p><strong>Welche Rechte haben Sie bez\u00fcglich Ihrer Daten?<\/strong><br>Sie haben jederzeit das Recht unentgeltlich Auskunft \u00fcber Herkunft, Empf\u00e4nger und Zweck Ihrer gespeicherten personenbezogenen Daten zu erhalten. Sie haben au\u00dferdem ein Recht, die Berichtigung, Sperrung oder L\u00f6schung dieser Daten zu verlangen. Hierzu sowie zu weiteren Fragen zum Thema Datenschutz k\u00f6nnen Sie sich jederzeit unter der im Impressum angegebenen Adresse an uns wenden. Des Weiteren steht Ihnen ein Beschwerderecht bei der zust\u00e4ndigen Aufsichtsbeh\u00f6rde zu.<\/p>\n<p><strong>Analyse-Tools und Tools von Drittanbietern<\/strong><br>Beim Besuch unserer Website kann Ihr Surf-Verhalten statistisch ausgewertet werden. Das geschieht vor allem mit Cookies und mit sogenannten Analyseprogrammen. Die Analyse Ihres Surf-Verhaltens erfolgt in der Regel anonym; das Surf-Verhalten kann nicht zu Ihnen zur\u00fcckverfolgt werden. Sie k\u00f6nnen dieser Analyse widersprechen oder sie durch die Nichtbenutzung bestimmter Tools verhindern. Detaillierte Informationen dazu finden Sie in der folgenden Datenschutzerkl\u00e4rung.\nSie k\u00f6nnen dieser Analyse widersprechen. \u00dcber die Widerspruchsm\u00f6glichkeiten werden wir Sie in dieser Datenschutzerkl\u00e4rung informieren.<\/p>\n<h3>2. Allgemeine Hinweise und Pflichtinformationen<\/h3>\n<p><strong>Datenschutz<\/strong><br>Die Betreiber dieser Seiten nehmen den Schutz Ihrer pers\u00f6nlichen Daten sehr ernst. Wir behandeln Ihre personenbezogenen Daten vertraulich und entsprechend der gesetzlichen Datenschutzvorschriften sowie dieser Datenschutzerkl\u00e4rung.\nWenn Sie diese Website benutzen, werden verschiedene personenbezogene Daten erhoben. Personenbezogene Daten sind Daten, mit denen Sie pers\u00f6nlich identifiziert werden k\u00f6nnen. Die vorliegende Datenschutzerkl\u00e4rung erl\u00e4utert, welche Daten wir erheben und wof\u00fcr wir sie nutzen. Sie erl\u00e4utert auch, wie und zu welchem Zweck das geschieht.\nWir weisen darauf hin, dass die Daten\u00fcbertragung im Internet (z.B. bei der Kommunikation per E-Mail) Sicherheitsl\u00fccken aufweisen kann. Ein l\u00fcckenloser Schutz der Daten vor dem Zugriff durch Dritte ist nicht m\u00f6glich.<\/p>\n<p><strong>Hinweis zur verantwortlichen Stelle<\/strong><br>The party responsible for processing data on this website is:<\/p>\n<div class=\"small-body\">Judith Laudenklos<\/div>\n<div class=\"small-body\">Neckarvorlandstra\u00dfe 21-25<\/div>\n<div class=\"small-body\">68159 Mannheim<\/div>\n<div class=\"small-body\">Telefon: +49 (0) 621 10782-0<\/div>\n<div class=\"small-body\">E-Mail: info@schokinag.com<\/div>\n<div class=\"small-body\">&nbsp;<\/div>\n<p>The responsible party is the natural or legal person who alone or jointly with others decides on the purposes and means of processing personal data (names, email addresses, etc.).<\/p>\n<p><strong>Widerruf Ihrer Einwilligung zur Datenverarbeitung<\/strong><br>Viele Datenverarbeitungsvorg\u00e4nge sind nur mit Ihrer ausdr\u00fccklichen Einwilligung m\u00f6glich. Sie k\u00f6nnen eine bereits erteilte Einwilligung jederzeit widerrufen. Dazu reicht eine formlose Mitteilung per E-Mail an uns. Die Rechtm\u00e4\u00dfigkeit der bis zum Widerruf erfolgten Datenverarbeitung bleibt vom Widerruf unber\u00fchrt.<\/p>\n<p><strong>Beschwerderecht bei der zust\u00e4ndigen Aufsichtsbeh\u00f6rde<\/strong><br>Im Falle datenschutzrechtlicher Verst\u00f6\u00dfe steht dem Betroffenen ein Beschwerderecht bei der zust\u00e4ndigen Aufsichtsbeh\u00f6rde zu. Zust\u00e4ndige Aufsichtsbeh\u00f6rde in datenschutzrechtlichen Fragen ist der Landesdatenschutzbeauftragte des Bundeslandes, in dem unser Unternehmen seinen Sitz hat. Eine Liste der Datenschutzbeauftragten sowie deren Kontaktdaten k\u00f6nnen folgendem Link entnommen werden: https:\/\/www.bfdi.bund.de\/DE\/Infothek\/Anschriften_Links\/anschriften_links-node.html.<\/p>\n<p><strong>Recht auf Daten\u00fcbertragbarkeit<\/strong><br>Sie haben das Recht, Daten, die wir auf Grundlage Ihrer Einwilligung oder in Erf\u00fcllung eines Vertrags automatisiert verarbeiten, an sich oder an einen Dritten in einem g\u00e4ngigen, maschinenlesbaren Format aush\u00e4ndigen zu lassen. Sofern Sie die direkte \u00dcbertragung der Daten an einen anderen Verantwortlichen verlangen, erfolgt dies nur, soweit es technisch machbar ist.<\/p>\n<p><strong>SSL- bzw. TLS-Verschl\u00fcsselung<\/strong><br>Diese Seite nutzt aus Sicherheitsgr\u00fcnden und zum Schutz der \u00dcbertragung vertraulicher Inhalte, wie zum Beispiel Bestellungen oder Anfragen, die Sie an uns als Seitenbetreiber senden, eine SSL-bzw. TLS-Verschl\u00fcsselung. Eine verschl\u00fcsselte Verbindung erkennen Sie daran, dass die Adresszeile des Browsers von \u201chttp:\/\/\u201d auf \u201chttps:\/\/\u201d wechselt und an dem Schloss-Symbol in Ihrer Browserzeile.\nWenn die SSL- bzw. TLS-Verschl\u00fcsselung aktiviert ist, k\u00f6nnen die Daten, die Sie an uns \u00fcbermitteln, nicht von Dritten mitgelesen werden.<\/p>\n<p><strong>Auskunft, Sperrung, L\u00f6schung<\/strong><br>Sie haben im Rahmen der geltenden gesetzlichen Bestimmungen jederzeit das Recht auf unentgeltliche Auskunft \u00fcber Ihre gespeicherten personenbezogenen Daten, deren Herkunft und Empf\u00e4nger und den Zweck der Datenverarbeitung und ggf. ein Recht auf Berichtigung, Sperrung oder L\u00f6schung dieser Daten. Hierzu sowie zu weiteren Fragen zum Thema personenbezogene Daten k\u00f6nnen Sie sich jederzeit unter der im Impressum angegebenen Adresse an uns wenden.<\/p>\n<p><strong>Widerspruch gegen Werbe-Mails<\/strong><br>Der Nutzung von im Rahmen der Impressumspflicht ver\u00f6ffentlichten Kontaktdaten zur \u00dcbersendung von nicht ausdr\u00fccklich angeforderter Werbung und Informationsmaterialien wird hiermit widersprochen. Die Betreiber der Seiten behalten sich ausdr\u00fccklich rechtliche Schritte im Falle der unverlangten Zusendung von Werbeinformationen, etwa durch Spam-E-Mails, vor.<\/p>\n<h3>3. Datenschutzbeauftragter<br>Gesetzlich vorgeschriebener Datenschutzbeauftragter<\/h3>\n<p>Wir haben f\u00fcr unser Unternehmen einen Datenschutzbeauftragten bestellt:<\/p>\n<div class=\"small-body\">dacuro GmbH<\/div>\n<div class=\"small-body\">Heinrich-Hertz-Stra\u00dfe 11<\/div>\n<div class=\"small-body\">69190 Walldorf<\/div>\n<div class=\"small-body\">E-Mail: datenschutz@schokinag.com<\/div>\n<h3>4. Datenerfassung auf unserer Website<\/h3>\n<p><strong>Server-Log-Dateien<\/strong><br>Der Provider der Seiten erhebt und speichert automatisch Informationen in so genannten Server-Log-Dateien, die Ihr Browser automatisch an uns \u00fcbermittelt. Dies sind:<\/p>\n<ul>\n<li>Browsertyp und Browserversion<\/li>\n<li>verwendetes Betriebssystem<\/li>\n<li>Referrer URL<\/li>\n<li>Hostname des zugreifenden Rechners<\/li>\n<li>Uhrzeit der Serveranfrage<\/li>\n<li>IP-Adresse<\/li>\n<\/ul>\n<p>Eine Zusammenf\u00fchrung dieser Daten mit anderen Datenquellen wird nicht vorgenommen.\nGrundlage f\u00fcr die Datenverarbeitung ist Art. 6 Abs. 1 lit. f DSGVO, der die Verarbeitung von Daten zur Erf\u00fcllung eines Vertrags oder vorvertraglicher Ma\u00dfnahmen gestattet.<\/p>\n<p><strong>Kontaktformular<\/strong><br>Wenn Sie uns per Kontaktformular Anfragen zukommen lassen, werden Ihre Angaben aus dem Anfrageformular inklusive der von Ihnen dort angegebenen Kontaktdaten zwecks Bearbeitung der Anfrage und f\u00fcr den Fall von Anschlussfragen bei uns gespeichert. Diese Daten geben wir nicht ohne Ihre Einwilligung weiter.\nDie Verarbeitung der in das Kontaktformular eingegebenen Daten erfolgt somit ausschlie\u00dflich auf Grundlage Ihrer Einwilligung (Art. 6 Abs. 1 lit. a DSGVO). Sie k\u00f6nnen diese Einwilligung jederzeit widerrufen. Dazu reicht eine formlose Mitteilung per E-Mail an uns. Die Rechtm\u00e4\u00dfigkeit der bis zum Widerruf erfolgten Datenverarbeitungsvorg\u00e4nge bleibt vom Widerruf unber\u00fchrt.\nDie von Ihnen im Kontaktformular eingegebenen Daten verbleiben bei uns, bis Sie uns zur L\u00f6schung auffordern, Ihre Einwilligung zur Speicherung widerrufen oder der Zweck f\u00fcr die Datenspeicherung entf\u00e4llt (z.B. nach abgeschlossener Bearbeitung Ihrer Anfrage). Zwingende gesetzliche Bestimmungen \u2013 insbesondere Aufbewahrungsfristen \u2013 bleiben unber\u00fchrt.<\/p>\n<h3>5. Plugins und Tools<\/h3>\n<p><strong>Google Web Fonts<\/strong><br>Diese Seite nutzt zur einheitlichen Darstellung von Schriftarten so genannte Web Fonts, die von Google bereitgestellt werden. Beim Aufruf einer Seite l\u00e4dt Ihr Browser die ben\u00f6tigten Web Fonts in ihren Browsercache, um Texte und Schriftarten korrekt anzuzeigen.\nZu diesem Zweck muss der von Ihnen verwendete Browser Verbindung zu den Servern von Google aufnehmen. Hierdurch erlangt Google Kenntnis dar\u00fcber, dass \u00fcber Ihre IP-Adresse unsere Website aufgerufen wurde. Die Nutzung von Google Web Fonts erfolgt im Interesse einer einheitlichen und ansprechenden Darstellung unserer Online-Angebote. Dies stellt ein berechtigtes Interesse im Sinne von Art. 6 Abs. 1 lit. f DSGVO dar.\nWenn Ihr Browser Web Fonts nicht unterst\u00fctzt, wird eine Standardschrift von Ihrem Computer genutzt.\nWeitere Informationen zu Google Web Fonts finden Sie unter https:\/\/developers.google.com\/fonts\/faq und in der Datenschutzerkl\u00e4rung von Google: https:\/\/www.google.com\/policies\/privacy\/.<\/p>\t\t\t\t\t\t\t<\/div>\r\n\t\t\t\t\t\t\t\t\t\t<\/div>\n\t\t\t\t<\/div>\n\t\t\t\t\t<\/div>\n\t\t\t\t<\/div>\n\t\t\t\t\t<\/div>\n\t\t\t\t<\/div>\n\t\t\t\t<\/div>","protected":false},"excerpt":{"rendered":"<p>Privacy Policy 1. An overview of data protection GeneralThe following gives a simple overview of what happens to your personal&#8230;<\/p>","protected":false},"author":1,"featured_media":0,"parent":0,"menu_order":0,"comment_status":"closed","ping_status":"closed","template":"page-fullwidth.php","meta":{"footnotes":"","_links_to":"","_links_to_target":""},"class_list":["post-11799","page","type-page","status-publish"],"yoast_head":"<!-- This site is optimized with the Yoast SEO plugin v27.3 - https:\/\/yoast.com\/product\/yoast-seo-wordpress\/ -->\n<title>Privacy Policy - Schokinag<\/title>\n<meta name=\"description\" content=\"Privacy Policy - GCB Cocoa UK, a leading British chocolate factory with decades of experience, offering quality, products &amp; cocoa solutions.\" \/>\n<meta name=\"robots\" content=\"index, follow, max-snippet:-1, max-image-preview:large, max-video-preview:-1\" \/>\n<link rel=\"canonical\" href=\"https:\/\/www.schokinag.com\/de\/privacy\/\" \/>\n<meta property=\"og:locale\" content=\"de_DE\" \/>\n<meta property=\"og:type\" content=\"article\" \/>\n<meta property=\"og:title\" content=\"Privacy Policy - Schokinag\" \/>\n<meta property=\"og:description\" content=\"Privacy Policy - GCB Cocoa UK, a leading British chocolate factory with decades of experience, offering quality, products &amp; cocoa solutions.\" \/>\n<meta property=\"og:url\" content=\"https:\/\/www.schokinag.com\/de\/privacy\/\" \/>\n<meta property=\"og:site_name\" content=\"Schokinag\" \/>\n<meta property=\"article:modified_time\" content=\"2025-04-29T10:17:58+00:00\" \/>\n<meta name=\"twitter:card\" content=\"summary_large_image\" \/>\n<meta name=\"twitter:label1\" content=\"Gesch\u00e4tzte Lesezeit\" \/>\n\t<meta name=\"twitter:data1\" content=\"6\u00a0Minuten\" \/>\n<script type=\"application\/ld+json\" class=\"yoast-schema-graph\">{\"@context\":\"https:\\\/\\\/schema.org\",\"@graph\":[{\"@type\":\"WebPage\",\"@id\":\"https:\\\/\\\/www.schokinag.com\\\/de\\\/privacy\\\/\",\"url\":\"https:\\\/\\\/www.schokinag.com\\\/de\\\/privacy\\\/\",\"name\":\"Privacy Policy - Schokinag\",\"isPartOf\":{\"@id\":\"https:\\\/\\\/www.schokinag.com\\\/de\\\/#website\"},\"datePublished\":\"2024-03-06T08:36:51+00:00\",\"dateModified\":\"2025-04-29T10:17:58+00:00\",\"description\":\"Privacy Policy - GCB Cocoa UK, a leading British chocolate factory with decades of experience, offering quality, products & cocoa solutions.\",\"breadcrumb\":{\"@id\":\"https:\\\/\\\/www.schokinag.com\\\/de\\\/privacy\\\/#breadcrumb\"},\"inLanguage\":\"de\",\"potentialAction\":[{\"@type\":\"ReadAction\",\"target\":[\"https:\\\/\\\/www.schokinag.com\\\/de\\\/privacy\\\/\"]}]},{\"@type\":\"BreadcrumbList\",\"@id\":\"https:\\\/\\\/www.schokinag.com\\\/de\\\/privacy\\\/#breadcrumb\",\"itemListElement\":[{\"@type\":\"ListItem\",\"position\":1,\"name\":\"Home\",\"item\":\"https:\\\/\\\/www.schokinag.com\\\/de\\\/\"},{\"@type\":\"ListItem\",\"position\":2,\"name\":\"Privacy Policy\"}]},{\"@type\":\"WebSite\",\"@id\":\"https:\\\/\\\/www.schokinag.com\\\/de\\\/#website\",\"url\":\"https:\\\/\\\/www.schokinag.com\\\/de\\\/\",\"name\":\"GCB Cocoa\",\"description\":\"A World of Chocolate\",\"publisher\":{\"@id\":\"https:\\\/\\\/www.schokinag.com\\\/de\\\/#organization\"},\"potentialAction\":[{\"@type\":\"SearchAction\",\"target\":{\"@type\":\"EntryPoint\",\"urlTemplate\":\"https:\\\/\\\/www.schokinag.com\\\/de\\\/?s={search_term_string}\"},\"query-input\":{\"@type\":\"PropertyValueSpecification\",\"valueRequired\":true,\"valueName\":\"search_term_string\"}}],\"inLanguage\":\"de\"},{\"@type\":\"Organization\",\"@id\":\"https:\\\/\\\/www.schokinag.com\\\/de\\\/#organization\",\"name\":\"GCB Cocoa\",\"url\":\"https:\\\/\\\/www.schokinag.com\\\/de\\\/\",\"logo\":{\"@type\":\"ImageObject\",\"inLanguage\":\"de\",\"@id\":\"https:\\\/\\\/www.schokinag.com\\\/de\\\/#\\\/schema\\\/logo\\\/image\\\/\",\"url\":\"https:\\\/\\\/www.schokinag.com\\\/wp-content\\\/uploads\\\/2024\\\/02\\\/gcb_cocoa.png\",\"contentUrl\":\"https:\\\/\\\/www.schokinag.com\\\/wp-content\\\/uploads\\\/2024\\\/02\\\/gcb_cocoa.png\",\"width\":542,\"height\":200,\"caption\":\"GCB Cocoa\"},\"image\":{\"@id\":\"https:\\\/\\\/www.schokinag.com\\\/de\\\/#\\\/schema\\\/logo\\\/image\\\/\"},\"sameAs\":[\"https:\\\/\\\/www.linkedin.com\\\/showcase\\\/gcb-cocoa-uk\\\/\"]}]}<\/script>\n<!-- \/ Yoast SEO plugin. -->","yoast_head_json":{"title":"Privacy Policy - Schokinag","description":"Privacy Policy - GCB Cocoa UK, a leading British chocolate factory with decades of experience, offering quality, products & cocoa solutions.","robots":{"index":"index","follow":"follow","max-snippet":"max-snippet:-1","max-image-preview":"max-image-preview:large","max-video-preview":"max-video-preview:-1"},"canonical":"https:\/\/www.schokinag.com\/de\/privacy\/","og_locale":"de_DE","og_type":"article","og_title":"Privacy Policy - Schokinag","og_description":"Privacy Policy - GCB Cocoa UK, a leading British chocolate factory with decades of experience, offering quality, products & cocoa solutions.","og_url":"https:\/\/www.schokinag.com\/de\/privacy\/","og_site_name":"Schokinag","article_modified_time":"2025-04-29T10:17:58+00:00","twitter_card":"summary_large_image","twitter_misc":{"Gesch\u00e4tzte Lesezeit":"6\u00a0Minuten"},"schema":{"@context":"https:\/\/schema.org","@graph":[{"@type":"WebPage","@id":"https:\/\/www.schokinag.com\/de\/privacy\/","url":"https:\/\/www.schokinag.com\/de\/privacy\/","name":"Privacy Policy - Schokinag","isPartOf":{"@id":"https:\/\/www.schokinag.com\/de\/#website"},"datePublished":"2024-03-06T08:36:51+00:00","dateModified":"2025-04-29T10:17:58+00:00","description":"Privacy Policy - GCB Cocoa UK, a leading British chocolate factory with decades of experience, offering quality, products & cocoa solutions.","breadcrumb":{"@id":"https:\/\/www.schokinag.com\/de\/privacy\/#breadcrumb"},"inLanguage":"de","potentialAction":[{"@type":"ReadAction","target":["https:\/\/www.schokinag.com\/de\/privacy\/"]}]},{"@type":"BreadcrumbList","@id":"https:\/\/www.schokinag.com\/de\/privacy\/#breadcrumb","itemListElement":[{"@type":"ListItem","position":1,"name":"Home","item":"https:\/\/www.schokinag.com\/de\/"},{"@type":"ListItem","position":2,"name":"Privacy Policy"}]},{"@type":"WebSite","@id":"https:\/\/www.schokinag.com\/de\/#website","url":"https:\/\/www.schokinag.com\/de\/","name":"GCB Cocoa","description":"A World of Chocolate","publisher":{"@id":"https:\/\/www.schokinag.com\/de\/#organization"},"potentialAction":[{"@type":"SearchAction","target":{"@type":"EntryPoint","urlTemplate":"https:\/\/www.schokinag.com\/de\/?s={search_term_string}"},"query-input":{"@type":"PropertyValueSpecification","valueRequired":true,"valueName":"search_term_string"}}],"inLanguage":"de"},{"@type":"Organization","@id":"https:\/\/www.schokinag.com\/de\/#organization","name":"GCB Cocoa","url":"https:\/\/www.schokinag.com\/de\/","logo":{"@type":"ImageObject","inLanguage":"de","@id":"https:\/\/www.schokinag.com\/de\/#\/schema\/logo\/image\/","url":"https:\/\/www.schokinag.com\/wp-content\/uploads\/2024\/02\/gcb_cocoa.png","contentUrl":"https:\/\/www.schokinag.com\/wp-content\/uploads\/2024\/02\/gcb_cocoa.png","width":542,"height":200,"caption":"GCB Cocoa"},"image":{"@id":"https:\/\/www.schokinag.com\/de\/#\/schema\/logo\/image\/"},"sameAs":["https:\/\/www.linkedin.com\/showcase\/gcb-cocoa-uk\/"]}]}},"_links":{"self":[{"href":"https:\/\/www.schokinag.com\/de\/wp-json\/wp\/v2\/pages\/11799","targetHints":{"allow":["GET"]}}],"collection":[{"href":"https:\/\/www.schokinag.com\/de\/wp-json\/wp\/v2\/pages"}],"about":[{"href":"https:\/\/www.schokinag.com\/de\/wp-json\/wp\/v2\/types\/page"}],"author":[{"embeddable":true,"href":"https:\/\/www.schokinag.com\/de\/wp-json\/wp\/v2\/users\/1"}],"replies":[{"embeddable":true,"href":"https:\/\/www.schokinag.com\/de\/wp-json\/wp\/v2\/comments?post=11799"}],"version-history":[{"count":34,"href":"https:\/\/www.schokinag.com\/de\/wp-json\/wp\/v2\/pages\/11799\/revisions"}],"predecessor-version":[{"id":14864,"href":"https:\/\/www.schokinag.com\/de\/wp-json\/wp\/v2\/pages\/11799\/revisions\/14864"}],"wp:attachment":[{"href":"https:\/\/www.schokinag.com\/de\/wp-json\/wp\/v2\/media?parent=11799"}],"curies":[{"name":"wp","href":"https:\/\/api.w.org\/{rel}","templated":true}]}}