{"id":11441,"date":"2024-02-15T11:45:07","date_gmt":"2024-02-15T11:45:07","guid":{"rendered":"https:\/\/www.schokinag.com\/?page_id=11441"},"modified":"2025-06-30T12:15:03","modified_gmt":"2025-06-30T10:15:03","slug":"site-notice","status":"publish","type":"page","link":"https:\/\/www.schokinag.com\/de\/site-notice\/","title":{"rendered":"Impressum"},"content":{"rendered":"<div data-elementor-type=\"wp-page\" data-elementor-id=\"11441\" class=\"elementor elementor-11441\" data-elementor-post-type=\"page\">\n\t\t\t\t<div class=\"elementor-element elementor-element-43d117c thegem-e-con-layout-elementor e-flex e-con-boxed e-con e-parent\" data-id=\"43d117c\" data-element_type=\"container\" data-e-type=\"container\" data-settings=\"{&quot;background_background&quot;:&quot;classic&quot;,&quot;shape_divider_bottom&quot;:&quot;waves&quot;,&quot;thegem_container_layout&quot;:&quot;elementor&quot;}\">\r\n\t\t\t\t\t<div class=\"e-con-inner\">\r\n\t\t\t\t<div class=\"elementor-shape elementor-shape-bottom\" aria-hidden=\"true\" data-negative=\"false\">\n\t\t\t<svg xmlns=\"http:\/\/www.w3.org\/2000\/svg\" viewbox=\"0 0 1000 100\" preserveaspectratio=\"none\">\n\t<path class=\"elementor-shape-fill\" d=\"M421.9,6.5c22.6-2.5,51.5,0.4,75.5,5.3c23.6,4.9,70.9,23.5,100.5,35.7c75.8,32.2,133.7,44.5,192.6,49.7\tc23.6,2.1,48.7,3.5,103.4-2.5c54.7-6,106.2-25.6,106.2-25.6V0H0v30.3c0,0,72,32.6,158.4,30.5c39.2-0.7,92.8-6.7,134-22.4\tc21.2-8.1,52.2-18.2,79.7-24.2C399.3,7.9,411.6,7.5,421.9,6.5z\"\/>\n<\/svg>\t\t<\/div>\n\t\t\t\t<div class=\"elementor-element elementor-element-72b5a79 flex-horizontal-align-default flex-horizontal-align-tablet-default flex-horizontal-align-mobile-default flex-vertical-align-default flex-vertical-align-tablet-default flex-vertical-align-mobile-default elementor-widget elementor-widget-text-editor\" data-id=\"72b5a79\" data-element_type=\"widget\" data-e-type=\"widget\" data-widget_type=\"text-editor.default\">\n\t\t\t\t<div class=\"elementor-widget-container\">\n\t\t\t\t\t\t\t\t\t\t\t\t<div class=\"elementor-text-editor elementor-clearfix\">\r\n\t\t\t\t\t\t<div class=\"title-xlarge\">Impressum<\/div>\t\t\t\t\t\t\t<\/div>\r\n\t\t\t\t\t\t\t\t\t\t<\/div>\n\t\t\t\t<\/div>\n\t\t\t\t\t<\/div>\n\t\t\t\t<\/div>\n\t\t<div class=\"elementor-element elementor-element-8051c06 thegem-e-con-layout-elementor e-flex e-con-boxed e-con e-parent\" data-id=\"8051c06\" data-element_type=\"container\" data-e-type=\"container\" data-settings=\"{&quot;thegem_container_layout&quot;:&quot;elementor&quot;}\">\r\n\t\t\t\t\t<div class=\"e-con-inner\">\r\n\t\t<div class=\"elementor-element elementor-element-1f02311 thegem-e-con-layout-elementor e-flex e-con-boxed e-con e-child\" data-id=\"1f02311\" data-element_type=\"container\" data-e-type=\"container\" data-settings=\"{&quot;background_background&quot;:&quot;classic&quot;,&quot;thegem_container_layout&quot;:&quot;elementor&quot;}\">\r\n\t\t\t\t\t<div class=\"e-con-inner\">\r\n\t\t\t\t<div class=\"elementor-element elementor-element-87b0186 flex-horizontal-align-default flex-horizontal-align-tablet-default flex-horizontal-align-mobile-default flex-vertical-align-default flex-vertical-align-tablet-default flex-vertical-align-mobile-default elementor-widget elementor-widget-text-editor\" data-id=\"87b0186\" data-element_type=\"widget\" data-e-type=\"widget\" data-widget_type=\"text-editor.default\">\n\t\t\t\t<div class=\"elementor-widget-container\">\n\t\t\t\t\t\t\t\t\t\t\t\t<div class=\"elementor-text-editor elementor-clearfix\">\r\n\t\t\t\t\t\t<h3>Angaben gem\u00e4\u00df \u00a7 5 DDG:<\/h3><p>Datenverarbeitung - SCHOKINAG-Schokolade-Industrie GmbH<br \/>Neckarvorlandstra\u00dfe 21-25<br \/>68159 Mannheim<\/p><p><strong>Vertreten durch:<\/strong><\/p><p>SCHOKINAG-Schokolade-Industrie GmbH,<br \/>vertreten durch die GF Judith Laudenklos<\/p><p><strong>Kontakt:<\/strong><\/p><p>Telefon: +49 (0) 621 10782-0<br \/>Telefax: +49 (0) 621 10782-162<br \/>E-Mail: <a href=\"mailto:info@schokinag.com\">info@schokinag.com<\/a><\/p><p><strong>Registereintrag:<\/strong><\/p><p>Eintragung im Handelsregister.<br \/>Registergericht: Amtsgericht Mannheim<br \/>Registernummer: HRB 724205<\/p><p><strong>Umsatzsteuer:<\/strong><\/p><p>Umsatzsteuer-Identifikationsnummer gem\u00e4\u00df \u00a727 a Umsatzsteuergesetz:<br \/>DE 305 509 118<\/p><p><strong>Verantwortlich f\u00fcr den Inhalt nach \u00a7 18 MStV:<\/strong><\/p><p>Judith Laudenklos<br \/>Neckarvorlandstra\u00dfe 21-25<br \/>68159 Mannheim<\/p><h3>Streitschlichtung<\/h3><p>Wir sind nicht bereit oder verpflichtet, an Streitbeilegungsverfahren vor einer Verbraucherschlichtungsstelle teilzunehmen.<\/p><h3>Haftung f\u00fcr Inhalte<\/h3><p>Als Diensteanbieter sind wir f\u00fcr eigene Inhalte auf diesen Seiten nach den allgemeinen Gesetzen verantwortlich. Wir sind als Diensteanbieter jedoch nicht verpflichtet, \u00fcbermittelte oder gespeicherte fremde Informationen zu \u00fcberwachen oder nach Umst\u00e4nden zu forschen, die auf eine rechtswidrige T\u00e4tigkeit hinweisen.<\/p><p>Verpflichtungen zur Entfernung oder Sperrung der Nutzung von Informationen nach den allgemeinen Gesetzen bleiben hiervon unber\u00fchrt. Eine diesbez\u00fcgliche Haftung ist jedoch erst ab dem Zeitpunkt der Kenntnis einer konkreten Rechtsverletzung m\u00f6glich. Bei Bekanntwerden von entsprechenden Rechtsverletzungen werden wir diese Inhalte umgehend entfernen.<\/p><h3>Haftung f\u00fcr Links<\/h3><p>Unser Angebot enth\u00e4lt Links zu externen Websites Dritter, auf deren Inhalte wir keinen Einfluss haben. Deshalb k\u00f6nnen wir f\u00fcr diese fremden Inhalte auch keine Gew\u00e4hr \u00fcbernehmen. F\u00fcr die Inhalte der verlinkten Seiten ist stets der jeweilige Anbieter oder Betreiber der Seiten verantwortlich. Die verlinkten Seiten wurden zum Zeitpunkt der Verlinkung auf m\u00f6gliche Rechtsverst\u00f6\u00dfe \u00fcberpr\u00fcft. Rechtswidrige Inhalte waren zum Zeitpunkt der Verlinkung nicht erkennbar.<\/p><p>Eine permanente inhaltliche Kontrolle der verlinkten Seiten ist jedoch ohne konkrete Anhaltspunkte einer Rechtsverletzung nicht zumutbar. Bei Bekanntwerden von Rechtsverletzungen werden wir derartige Links umgehend entfernen.<\/p><h3>Urheberrecht<\/h3><p>Die durch die Seitenbetreiber erstellten Inhalte und Werke auf diesen Seiten unterliegen dem deutschen Urheberrecht. Die Vervielf\u00e4ltigung, Bearbeitung, Verbreitung und jede Art der Verwertung au\u00dferhalb der Grenzen des Urheberrechtes bed\u00fcrfen der schriftlichen Zustimmung des jeweiligen Autors bzw. Erstellers. Downloads und Kopien dieser Seite sind nur f\u00fcr den privaten, nicht kommerziellen Gebrauch gestattet.<br \/>The commercial use of our contents without permission of the originator is prohibited.<\/p><p>Soweit die Inhalte auf dieser Seite nicht vom Betreiber erstellt wurden, werden die Urheberrechte Dritter beachtet. Insbesondere werden Inhalte Dritter als solche gekennzeichnet. Sollten Sie trotzdem auf eine Urheberrechtsverletzung aufmerksam werden, bitten wir um einen entsprechenden Hinweis. Bei Bekanntwerden von Rechtsverletzungen werden wir derartige Inhalte umgehend entfernen.<\/p><h3>Haftungsausschluss f\u00fcr KI-generierte Inhalte<\/h3><p>Einige Inhalte auf dieser Website wurden mithilfe von K\u00fcnstlicher Intelligenz (KI) erstellt. Obwohl wir uns bem\u00fchen, die Genauigkeit und Qualit\u00e4t aller Inhalte sicherzustellen, k\u00f6nnen KI-generierte Inhalte Fehler oder Ungenauigkeiten enthalten. Wir empfehlen den Nutzern, alle Informationen zu \u00fcberpr\u00fcfen, bevor sie sich darauf verlassen. Durch die Nutzung dieser Website erkennen Sie die Verwendung von KI-generierten Inhalten an und stimmen dieser zu.<\/p>\t\t\t\t\t\t\t<\/div>\r\n\t\t\t\t\t\t\t\t\t\t<\/div>\n\t\t\t\t<\/div>\n\t\t\t\t\t<\/div>\n\t\t\t\t<\/div>\n\t\t\t\t\t<\/div>\n\t\t\t\t<\/div>\n\t\t\t\t<\/div>","protected":false},"excerpt":{"rendered":"<p>Site Notice Information provided according to Sec. 5 Digital Services Act (DSA): SCHOKINAG-Schokolade-Industrie GmbHNeckarvorlandstra\u00dfe 21-2568159 Mannheim Represented by: SCHOKINAG-Schokolade-Industrie GmbH,represented&#8230;<\/p>","protected":false},"author":1,"featured_media":0,"parent":0,"menu_order":0,"comment_status":"closed","ping_status":"closed","template":"page-fullwidth.php","meta":{"footnotes":"","_links_to":"","_links_to_target":""},"class_list":["post-11441","page","type-page","status-publish"],"yoast_head":"<!-- This site is optimized with the Yoast SEO plugin v27.5 - https:\/\/yoast.com\/product\/yoast-seo-wordpress\/ -->\n<title>Site Notice - Schokinag<\/title>\n<meta name=\"description\" content=\"Site Notice - GCB Cocoa UK, a leading British chocolate factory with decades of experience, offering quality, products &amp; cocoa solutions.\" \/>\n<meta name=\"robots\" content=\"index, follow, max-snippet:-1, max-image-preview:large, max-video-preview:-1\" \/>\n<link rel=\"canonical\" href=\"https:\/\/www.schokinag.com\/de\/site-notice\/\" \/>\n<meta property=\"og:locale\" content=\"de_DE\" \/>\n<meta property=\"og:type\" content=\"article\" \/>\n<meta property=\"og:title\" content=\"Site Notice - Schokinag\" \/>\n<meta property=\"og:description\" content=\"Site Notice - GCB Cocoa UK, a leading British chocolate factory with decades of experience, offering quality, products &amp; cocoa solutions.\" \/>\n<meta property=\"og:url\" content=\"https:\/\/www.schokinag.com\/de\/site-notice\/\" \/>\n<meta property=\"og:site_name\" content=\"Schokinag\" \/>\n<meta property=\"article:modified_time\" content=\"2025-06-30T10:15:03+00:00\" \/>\n<meta name=\"twitter:card\" content=\"summary_large_image\" \/>\n<meta name=\"twitter:label1\" content=\"Gesch\u00e4tzte Lesezeit\" \/>\n\t<meta name=\"twitter:data1\" content=\"3\u00a0Minuten\" \/>\n<script type=\"application\/ld+json\" class=\"yoast-schema-graph\">{\"@context\":\"https:\\\/\\\/schema.org\",\"@graph\":[{\"@type\":\"WebPage\",\"@id\":\"https:\\\/\\\/www.schokinag.com\\\/de\\\/site-notice\\\/\",\"url\":\"https:\\\/\\\/www.schokinag.com\\\/de\\\/site-notice\\\/\",\"name\":\"Site Notice - Schokinag\",\"isPartOf\":{\"@id\":\"https:\\\/\\\/www.schokinag.com\\\/de\\\/#website\"},\"datePublished\":\"2024-02-15T11:45:07+00:00\",\"dateModified\":\"2025-06-30T10:15:03+00:00\",\"description\":\"Site Notice - GCB Cocoa UK, a leading British chocolate factory with decades of experience, offering quality, products & cocoa solutions.\",\"breadcrumb\":{\"@id\":\"https:\\\/\\\/www.schokinag.com\\\/de\\\/site-notice\\\/#breadcrumb\"},\"inLanguage\":\"de\",\"potentialAction\":[{\"@type\":\"ReadAction\",\"target\":[\"https:\\\/\\\/www.schokinag.com\\\/de\\\/site-notice\\\/\"]}]},{\"@type\":\"BreadcrumbList\",\"@id\":\"https:\\\/\\\/www.schokinag.com\\\/de\\\/site-notice\\\/#breadcrumb\",\"itemListElement\":[{\"@type\":\"ListItem\",\"position\":1,\"name\":\"Home\",\"item\":\"https:\\\/\\\/www.schokinag.com\\\/de\\\/\"},{\"@type\":\"ListItem\",\"position\":2,\"name\":\"Site Notice\"}]},{\"@type\":\"WebSite\",\"@id\":\"https:\\\/\\\/www.schokinag.com\\\/de\\\/#website\",\"url\":\"https:\\\/\\\/www.schokinag.com\\\/de\\\/\",\"name\":\"GCB Cocoa\",\"description\":\"A World of Chocolate\",\"publisher\":{\"@id\":\"https:\\\/\\\/www.schokinag.com\\\/de\\\/#organization\"},\"potentialAction\":[{\"@type\":\"SearchAction\",\"target\":{\"@type\":\"EntryPoint\",\"urlTemplate\":\"https:\\\/\\\/www.schokinag.com\\\/de\\\/?s={search_term_string}\"},\"query-input\":{\"@type\":\"PropertyValueSpecification\",\"valueRequired\":true,\"valueName\":\"search_term_string\"}}],\"inLanguage\":\"de\"},{\"@type\":\"Organization\",\"@id\":\"https:\\\/\\\/www.schokinag.com\\\/de\\\/#organization\",\"name\":\"GCB Cocoa\",\"url\":\"https:\\\/\\\/www.schokinag.com\\\/de\\\/\",\"logo\":{\"@type\":\"ImageObject\",\"inLanguage\":\"de\",\"@id\":\"https:\\\/\\\/www.schokinag.com\\\/de\\\/#\\\/schema\\\/logo\\\/image\\\/\",\"url\":\"https:\\\/\\\/www.schokinag.com\\\/wp-content\\\/uploads\\\/2024\\\/02\\\/gcb_cocoa.png\",\"contentUrl\":\"https:\\\/\\\/www.schokinag.com\\\/wp-content\\\/uploads\\\/2024\\\/02\\\/gcb_cocoa.png\",\"width\":542,\"height\":200,\"caption\":\"GCB Cocoa\"},\"image\":{\"@id\":\"https:\\\/\\\/www.schokinag.com\\\/de\\\/#\\\/schema\\\/logo\\\/image\\\/\"},\"sameAs\":[\"https:\\\/\\\/www.linkedin.com\\\/showcase\\\/gcb-cocoa-uk\\\/\"]}]}<\/script>\n<!-- \/ Yoast SEO plugin. -->","yoast_head_json":{"title":"Site Notice - Schokinag","description":"Site Notice - GCB Cocoa UK, a leading British chocolate factory with decades of experience, offering quality, products & cocoa solutions.","robots":{"index":"index","follow":"follow","max-snippet":"max-snippet:-1","max-image-preview":"max-image-preview:large","max-video-preview":"max-video-preview:-1"},"canonical":"https:\/\/www.schokinag.com\/de\/site-notice\/","og_locale":"de_DE","og_type":"article","og_title":"Site Notice - Schokinag","og_description":"Site Notice - GCB Cocoa UK, a leading British chocolate factory with decades of experience, offering quality, products & cocoa solutions.","og_url":"https:\/\/www.schokinag.com\/de\/site-notice\/","og_site_name":"Schokinag","article_modified_time":"2025-06-30T10:15:03+00:00","twitter_card":"summary_large_image","twitter_misc":{"Gesch\u00e4tzte Lesezeit":"3\u00a0Minuten"},"schema":{"@context":"https:\/\/schema.org","@graph":[{"@type":"WebPage","@id":"https:\/\/www.schokinag.com\/de\/site-notice\/","url":"https:\/\/www.schokinag.com\/de\/site-notice\/","name":"Site Notice - Schokinag","isPartOf":{"@id":"https:\/\/www.schokinag.com\/de\/#website"},"datePublished":"2024-02-15T11:45:07+00:00","dateModified":"2025-06-30T10:15:03+00:00","description":"Site Notice - GCB Cocoa UK, a leading British chocolate factory with decades of experience, offering quality, products & cocoa solutions.","breadcrumb":{"@id":"https:\/\/www.schokinag.com\/de\/site-notice\/#breadcrumb"},"inLanguage":"de","potentialAction":[{"@type":"ReadAction","target":["https:\/\/www.schokinag.com\/de\/site-notice\/"]}]},{"@type":"BreadcrumbList","@id":"https:\/\/www.schokinag.com\/de\/site-notice\/#breadcrumb","itemListElement":[{"@type":"ListItem","position":1,"name":"Home","item":"https:\/\/www.schokinag.com\/de\/"},{"@type":"ListItem","position":2,"name":"Site Notice"}]},{"@type":"WebSite","@id":"https:\/\/www.schokinag.com\/de\/#website","url":"https:\/\/www.schokinag.com\/de\/","name":"GCB Cocoa","description":"A World of Chocolate","publisher":{"@id":"https:\/\/www.schokinag.com\/de\/#organization"},"potentialAction":[{"@type":"SearchAction","target":{"@type":"EntryPoint","urlTemplate":"https:\/\/www.schokinag.com\/de\/?s={search_term_string}"},"query-input":{"@type":"PropertyValueSpecification","valueRequired":true,"valueName":"search_term_string"}}],"inLanguage":"de"},{"@type":"Organization","@id":"https:\/\/www.schokinag.com\/de\/#organization","name":"GCB Cocoa","url":"https:\/\/www.schokinag.com\/de\/","logo":{"@type":"ImageObject","inLanguage":"de","@id":"https:\/\/www.schokinag.com\/de\/#\/schema\/logo\/image\/","url":"https:\/\/www.schokinag.com\/wp-content\/uploads\/2024\/02\/gcb_cocoa.png","contentUrl":"https:\/\/www.schokinag.com\/wp-content\/uploads\/2024\/02\/gcb_cocoa.png","width":542,"height":200,"caption":"GCB Cocoa"},"image":{"@id":"https:\/\/www.schokinag.com\/de\/#\/schema\/logo\/image\/"},"sameAs":["https:\/\/www.linkedin.com\/showcase\/gcb-cocoa-uk\/"]}]}},"_links":{"self":[{"href":"https:\/\/www.schokinag.com\/de\/wp-json\/wp\/v2\/pages\/11441","targetHints":{"allow":["GET"]}}],"collection":[{"href":"https:\/\/www.schokinag.com\/de\/wp-json\/wp\/v2\/pages"}],"about":[{"href":"https:\/\/www.schokinag.com\/de\/wp-json\/wp\/v2\/types\/page"}],"author":[{"embeddable":true,"href":"https:\/\/www.schokinag.com\/de\/wp-json\/wp\/v2\/users\/1"}],"replies":[{"embeddable":true,"href":"https:\/\/www.schokinag.com\/de\/wp-json\/wp\/v2\/comments?post=11441"}],"version-history":[{"count":41,"href":"https:\/\/www.schokinag.com\/de\/wp-json\/wp\/v2\/pages\/11441\/revisions"}],"predecessor-version":[{"id":15128,"href":"https:\/\/www.schokinag.com\/de\/wp-json\/wp\/v2\/pages\/11441\/revisions\/15128"}],"wp:attachment":[{"href":"https:\/\/www.schokinag.com\/de\/wp-json\/wp\/v2\/media?parent=11441"}],"curies":[{"name":"wp","href":"https:\/\/api.w.org\/{rel}","templated":true}]}}